{"id":1407,"date":"2021-08-18T05:35:45","date_gmt":"2021-08-18T05:35:45","guid":{"rendered":"https:\/\/editionsalut.de\/index.php\/about\/"},"modified":"2025-09-08T14:18:07","modified_gmt":"2025-09-08T13:18:07","slug":"ueber-uns","status":"publish","type":"page","link":"https:\/\/local-identity.de\/index.php\/ueber-uns\/","title":{"rendered":"\u00dcber uns"},"content":{"rendered":"\t\t<div data-elementor-type=\"wp-page\" data-elementor-id=\"1407\" class=\"elementor elementor-1407\">\n\t\t\t\t\t\t<section class=\"elementor-section elementor-top-section elementor-element elementor-element-58be15f elementor-section-full_width elementor-section-height-min-height elementor-section-height-default elementor-section-items-middle\" data-id=\"58be15f\" data-element_type=\"section\" data-e-type=\"section\">\n\t\t\t\t\t\t<div class=\"elementor-container elementor-column-gap-default\">\n\t\t\t\t\t<div class=\"elementor-column elementor-col-100 elementor-top-column elementor-element elementor-element-2408c05\" data-id=\"2408c05\" data-element_type=\"column\" data-e-type=\"column\">\n\t\t\t<div class=\"elementor-widget-wrap\">\n\t\t\t\t\t\t\t<\/div>\n\t\t<\/div>\n\t\t\t\t\t<\/div>\n\t\t<\/section>\n\t\t\t\t<section class=\"elementor-section elementor-top-section elementor-element elementor-element-72d47a3 elementor-section-boxed elementor-section-height-default elementor-section-height-default\" data-id=\"72d47a3\" data-element_type=\"section\" data-e-type=\"section\">\n\t\t\t\t\t\t<div class=\"elementor-container elementor-column-gap-default\">\n\t\t\t\t\t<div class=\"elementor-column elementor-col-50 elementor-top-column elementor-element elementor-element-6b4e554\" data-id=\"6b4e554\" data-element_type=\"column\" data-e-type=\"column\" data-settings=\"{&quot;background_background&quot;:&quot;classic&quot;}\">\n\t\t\t<div class=\"elementor-widget-wrap elementor-element-populated\">\n\t\t\t\t\t\t<div class=\"elementor-element elementor-element-23987f4 elementor-widget elementor-widget-image\" data-id=\"23987f4\" data-element_type=\"widget\" data-e-type=\"widget\" data-widget_type=\"image.default\">\n\t\t\t\t<div class=\"elementor-widget-container\">\n\t\t\t\t\t\t\t\t\t\t\t\t\t\t\t<img fetchpriority=\"high\" decoding=\"async\" width=\"1024\" height=\"768\" src=\"https:\/\/local-identity.de\/wp-content\/uploads\/2025\/07\/Fischerhaus_LocalIdentity-1024x768.png\" class=\"attachment-large size-large wp-image-2976\" alt=\"Fischerhaus Blankenese Treppenviertel Postkarte\" srcset=\"https:\/\/local-identity.de\/wp-content\/uploads\/2025\/07\/Fischerhaus_LocalIdentity-1024x768.png 1024w, https:\/\/local-identity.de\/wp-content\/uploads\/2025\/07\/Fischerhaus_LocalIdentity-300x225.png 300w, https:\/\/local-identity.de\/wp-content\/uploads\/2025\/07\/Fischerhaus_LocalIdentity-768x576.png 768w, https:\/\/local-identity.de\/wp-content\/uploads\/2025\/07\/Fischerhaus_LocalIdentity-750x563.png 750w, https:\/\/local-identity.de\/wp-content\/uploads\/2025\/07\/Fischerhaus_LocalIdentity.png 1280w\" sizes=\"(max-width: 1024px) 100vw, 1024px\" \/>\t\t\t\t\t\t\t\t\t\t\t\t\t\t\t<\/div>\n\t\t\t\t<\/div>\n\t\t\t\t\t<\/div>\n\t\t<\/div>\n\t\t\t\t<div class=\"elementor-column elementor-col-50 elementor-top-column elementor-element elementor-element-0b5581c\" data-id=\"0b5581c\" data-element_type=\"column\" data-e-type=\"column\" data-settings=\"{&quot;background_background&quot;:&quot;classic&quot;}\">\n\t\t\t<div class=\"elementor-widget-wrap elementor-element-populated\">\n\t\t\t\t\t\t<div class=\"elementor-element elementor-element-814c9f4 elementor-widget elementor-widget-text-editor\" data-id=\"814c9f4\" data-element_type=\"widget\" data-e-type=\"widget\" data-widget_type=\"text-editor.default\">\n\t\t\t\t<div class=\"elementor-widget-container\">\n\t\t\t\t\t\t\t\t\t<p>Hinter <span style=\"color: #ffffff;\">LOCAL IDENTITY<\/span> steht der Hamburger Verlag Prinz Publishing. Aus Liebe zur Heimat Blankenese ist die Kollektion aus illustrierten Postern, Postkarten und Bechern entstanden. M\u00f6ge Blankenese auch mit euch sein!<\/p>\t\t\t\t\t\t\t\t<\/div>\n\t\t\t\t<\/div>\n\t\t\t\t\t<\/div>\n\t\t<\/div>\n\t\t\t\t\t<\/div>\n\t\t<\/section>\n\t\t\t\t<section class=\"elementor-section elementor-top-section elementor-element elementor-element-2f65e07 elementor-section-boxed elementor-section-height-default elementor-section-height-default\" data-id=\"2f65e07\" data-element_type=\"section\" data-e-type=\"section\">\n\t\t\t\t\t\t<div class=\"elementor-container elementor-column-gap-default\">\n\t\t\t\t\t<div class=\"elementor-column elementor-col-50 elementor-top-column elementor-element elementor-element-fdf6a16\" data-id=\"fdf6a16\" data-element_type=\"column\" data-e-type=\"column\" data-settings=\"{&quot;background_background&quot;:&quot;classic&quot;}\">\n\t\t\t<div class=\"elementor-widget-wrap elementor-element-populated\">\n\t\t\t\t\t\t<div class=\"elementor-element elementor-element-26ce638 elementor-widget__width-initial elementor-widget elementor-widget-text-editor\" data-id=\"26ce638\" data-element_type=\"widget\" data-e-type=\"widget\" data-widget_type=\"text-editor.default\">\n\t\t\t\t<div class=\"elementor-widget-container\">\n\t\t\t\t\t\t\t\t\t<p>Prinz Publishing ist ein Verlag mit Sitz in Blankenese. Er produziert Belletristik und Sachb\u00fccher f\u00fcr den Buchhandel sowie B\u00fccher und Magazine f\u00fcr Mittelstand, DAX-Konzerne und Stiftungen.\u00a0<\/p>\t\t\t\t\t\t\t\t<\/div>\n\t\t\t\t<\/div>\n\t\t\t\t\t<\/div>\n\t\t<\/div>\n\t\t\t\t<div class=\"elementor-column elementor-col-50 elementor-top-column elementor-element elementor-element-c437c46\" data-id=\"c437c46\" data-element_type=\"column\" data-e-type=\"column\" data-settings=\"{&quot;background_background&quot;:&quot;classic&quot;}\">\n\t\t\t<div class=\"elementor-widget-wrap elementor-element-populated\">\n\t\t\t\t\t<div class=\"elementor-background-overlay\"><\/div>\n\t\t\t\t\t\t<div class=\"elementor-element elementor-element-2fd2efe elementor-widget__width-inherit elementor-widget elementor-widget-image\" data-id=\"2fd2efe\" data-element_type=\"widget\" data-e-type=\"widget\" data-widget_type=\"image.default\">\n\t\t\t\t<div class=\"elementor-widget-container\">\n\t\t\t\t\t\t\t\t\t\t\t\t\t\t\t<img decoding=\"async\" width=\"1024\" height=\"768\" src=\"https:\/\/local-identity.de\/wp-content\/uploads\/2024\/02\/Salut-1024x768.jpg\" class=\"attachment-large size-large wp-image-1768\" alt=\"B\u00fcrohund Salut\" srcset=\"https:\/\/local-identity.de\/wp-content\/uploads\/2024\/02\/Salut-1024x768.jpg 1024w, https:\/\/local-identity.de\/wp-content\/uploads\/2024\/02\/Salut-750x563.jpg 750w, https:\/\/local-identity.de\/wp-content\/uploads\/2024\/02\/Salut-300x225.jpg 300w, https:\/\/local-identity.de\/wp-content\/uploads\/2024\/02\/Salut-768x576.jpg 768w, https:\/\/local-identity.de\/wp-content\/uploads\/2024\/02\/Salut.jpg 1280w\" sizes=\"(max-width: 1024px) 100vw, 1024px\" \/>\t\t\t\t\t\t\t\t\t\t\t\t\t\t\t<\/div>\n\t\t\t\t<\/div>\n\t\t\t\t\t<\/div>\n\t\t<\/div>\n\t\t\t\t\t<\/div>\n\t\t<\/section>\n\t\t\t\t<\/div>\n\t\t","protected":false},"excerpt":{"rendered":"<p>Hinter LOCAL IDENTITY steht der Hamburger Verlag Prinz Publishing. Aus Liebe zur Heimat Blankenese ist die Kollektion aus illustrierten Postern, [&hellip;]<\/p>\n","protected":false},"author":1,"featured_media":0,"parent":0,"menu_order":0,"comment_status":"closed","ping_status":"closed","template":"elementor_header_footer","meta":{"site-sidebar-layout":"no-sidebar","site-content-layout":"page-builder","ast-site-content-layout":"default","site-content-style":"default","site-sidebar-style":"default","ast-global-header-display":"","ast-banner-title-visibility":"","ast-main-header-display":"","ast-hfb-above-header-display":"","ast-hfb-below-header-display":"","ast-hfb-mobile-header-display":"","site-post-title":"","ast-breadcrumbs-content":"disabled","ast-featured-img":"disabled","footer-sml-layout":"","ast-disable-related-posts":"","theme-transparent-header-meta":"enabled","adv-header-id-meta":"","stick-header-meta":"","header-above-stick-meta":"","header-main-stick-meta":"","header-below-stick-meta":"","astra-migrate-meta-layouts":"default","ast-page-background-enabled":"default","ast-page-background-meta":{"desktop":{"background-color":"var(--ast-global-color-4)","background-image":"","background-repeat":"repeat","background-position":"center center","background-size":"auto","background-attachment":"scroll","background-type":"","background-media":"","overlay-type":"","overlay-color":"","overlay-opacity":"","overlay-gradient":""},"tablet":{"background-color":"","background-image":"","background-repeat":"repeat","background-position":"center center","background-size":"auto","background-attachment":"scroll","background-type":"","background-media":"","overlay-type":"","overlay-color":"","overlay-opacity":"","overlay-gradient":""},"mobile":{"background-color":"","background-image":"","background-repeat":"repeat","background-position":"center center","background-size":"auto","background-attachment":"scroll","background-type":"","background-media":"","overlay-type":"","overlay-color":"","overlay-opacity":"","overlay-gradient":""}},"ast-content-background-meta":{"desktop":{"background-color":"var(--ast-global-color-5)","background-image":"","background-repeat":"repeat","background-position":"center center","background-size":"auto","background-attachment":"scroll","background-type":"","background-media":"","overlay-type":"","overlay-color":"","overlay-opacity":"","overlay-gradient":""},"tablet":{"background-color":"var(--ast-global-color-5)","background-image":"","background-repeat":"repeat","background-position":"center center","background-size":"auto","background-attachment":"scroll","background-type":"","background-media":"","overlay-type":"","overlay-color":"","overlay-opacity":"","overlay-gradient":""},"mobile":{"background-color":"var(--ast-global-color-5)","background-image":"","background-repeat":"repeat","background-position":"center center","background-size":"auto","background-attachment":"scroll","background-type":"","background-media":"","overlay-type":"","overlay-color":"","overlay-opacity":"","overlay-gradient":""}},"footnotes":""},"class_list":["post-1407","page","type-page","status-publish","hentry"],"yoast_head":"<!-- This site is optimized with the Yoast SEO plugin v26.9 - https:\/\/yoast.com\/product\/yoast-seo-wordpress\/ -->\n<title>\u00dcber uns - LOCAL IDENTITY<\/title>\n<meta name=\"robots\" content=\"index, follow, max-snippet:-1, max-image-preview:large, max-video-preview:-1\" \/>\n<link rel=\"canonical\" href=\"https:\/\/local-identity.de\/index.php\/ueber-uns\/\" \/>\n<meta property=\"og:locale\" content=\"de_DE\" \/>\n<meta property=\"og:type\" content=\"article\" \/>\n<meta property=\"og:title\" content=\"\u00dcber uns - LOCAL IDENTITY\" \/>\n<meta property=\"og:description\" content=\"Hinter LOCAL IDENTITY steht der Hamburger Verlag Prinz Publishing. Aus Liebe zur Heimat Blankenese ist die Kollektion aus illustrierten Postern, [&hellip;]\" \/>\n<meta property=\"og:url\" content=\"https:\/\/local-identity.de\/index.php\/ueber-uns\/\" \/>\n<meta property=\"og:site_name\" content=\"LOCAL IDENTITY\" \/>\n<meta property=\"article:modified_time\" content=\"2025-09-08T13:18:07+00:00\" \/>\n<meta property=\"og:image\" content=\"https:\/\/local-identity.de\/wp-content\/uploads\/2025\/07\/Fischerhaus_LocalIdentity.png\" \/>\n\t<meta property=\"og:image:width\" content=\"1280\" \/>\n\t<meta property=\"og:image:height\" content=\"960\" \/>\n\t<meta property=\"og:image:type\" content=\"image\/png\" \/>\n<meta name=\"twitter:card\" content=\"summary_large_image\" \/>\n<meta name=\"twitter:label1\" content=\"Gesch\u00e4tzte Lesezeit\" \/>\n\t<meta name=\"twitter:data1\" content=\"1\u00a0Minute\" \/>\n<script type=\"application\/ld+json\" class=\"yoast-schema-graph\">{\"@context\":\"https:\/\/schema.org\",\"@graph\":[{\"@type\":\"WebPage\",\"@id\":\"https:\/\/local-identity.de\/index.php\/ueber-uns\/\",\"url\":\"https:\/\/local-identity.de\/index.php\/ueber-uns\/\",\"name\":\"\u00dcber uns - LOCAL IDENTITY\",\"isPartOf\":{\"@id\":\"https:\/\/local-identity.de\/#website\"},\"primaryImageOfPage\":{\"@id\":\"https:\/\/local-identity.de\/index.php\/ueber-uns\/#primaryimage\"},\"image\":{\"@id\":\"https:\/\/local-identity.de\/index.php\/ueber-uns\/#primaryimage\"},\"thumbnailUrl\":\"https:\/\/local-identity.de\/wp-content\/uploads\/2025\/07\/Fischerhaus_LocalIdentity-1024x768.png\",\"datePublished\":\"2021-08-18T05:35:45+00:00\",\"dateModified\":\"2025-09-08T13:18:07+00:00\",\"breadcrumb\":{\"@id\":\"https:\/\/local-identity.de\/index.php\/ueber-uns\/#breadcrumb\"},\"inLanguage\":\"de\",\"potentialAction\":[{\"@type\":\"ReadAction\",\"target\":[\"https:\/\/local-identity.de\/index.php\/ueber-uns\/\"]}]},{\"@type\":\"ImageObject\",\"inLanguage\":\"de\",\"@id\":\"https:\/\/local-identity.de\/index.php\/ueber-uns\/#primaryimage\",\"url\":\"https:\/\/local-identity.de\/wp-content\/uploads\/2025\/07\/Fischerhaus_LocalIdentity.png\",\"contentUrl\":\"https:\/\/local-identity.de\/wp-content\/uploads\/2025\/07\/Fischerhaus_LocalIdentity.png\",\"width\":1280,\"height\":960,\"caption\":\"Fischerhaus Blankenese Treppenviertel Postkarte\"},{\"@type\":\"BreadcrumbList\",\"@id\":\"https:\/\/local-identity.de\/index.php\/ueber-uns\/#breadcrumb\",\"itemListElement\":[{\"@type\":\"ListItem\",\"position\":1,\"name\":\"Startseite\",\"item\":\"https:\/\/local-identity.de\/\"},{\"@type\":\"ListItem\",\"position\":2,\"name\":\"\u00dcber uns\"}]},{\"@type\":\"WebSite\",\"@id\":\"https:\/\/local-identity.de\/#website\",\"url\":\"https:\/\/local-identity.de\/\",\"name\":\"LOCAL IDENTITY\",\"description\":\"\",\"publisher\":{\"@id\":\"https:\/\/local-identity.de\/#organization\"},\"potentialAction\":[{\"@type\":\"SearchAction\",\"target\":{\"@type\":\"EntryPoint\",\"urlTemplate\":\"https:\/\/local-identity.de\/?s={search_term_string}\"},\"query-input\":{\"@type\":\"PropertyValueSpecification\",\"valueRequired\":true,\"valueName\":\"search_term_string\"}}],\"inLanguage\":\"de\"},{\"@type\":\"Organization\",\"@id\":\"https:\/\/local-identity.de\/#organization\",\"name\":\"LOCAL IDENTITY\",\"url\":\"https:\/\/local-identity.de\/\",\"logo\":{\"@type\":\"ImageObject\",\"inLanguage\":\"de\",\"@id\":\"https:\/\/local-identity.de\/#\/schema\/logo\/image\/\",\"url\":\"https:\/\/local-identity.de\/wp-content\/uploads\/2025\/07\/cropped-cropped-cropped-unnamed-3.png\",\"contentUrl\":\"https:\/\/local-identity.de\/wp-content\/uploads\/2025\/07\/cropped-cropped-cropped-unnamed-3.png\",\"width\":832,\"height\":811,\"caption\":\"LOCAL IDENTITY\"},\"image\":{\"@id\":\"https:\/\/local-identity.de\/#\/schema\/logo\/image\/\"}}]}<\/script>\n<!-- \/ Yoast SEO plugin. -->","yoast_head_json":{"title":"\u00dcber uns - LOCAL IDENTITY","robots":{"index":"index","follow":"follow","max-snippet":"max-snippet:-1","max-image-preview":"max-image-preview:large","max-video-preview":"max-video-preview:-1"},"canonical":"https:\/\/local-identity.de\/index.php\/ueber-uns\/","og_locale":"de_DE","og_type":"article","og_title":"\u00dcber uns - LOCAL IDENTITY","og_description":"Hinter LOCAL IDENTITY steht der Hamburger Verlag Prinz Publishing. Aus Liebe zur Heimat Blankenese ist die Kollektion aus illustrierten Postern, [&hellip;]","og_url":"https:\/\/local-identity.de\/index.php\/ueber-uns\/","og_site_name":"LOCAL IDENTITY","article_modified_time":"2025-09-08T13:18:07+00:00","og_image":[{"width":1280,"height":960,"url":"https:\/\/local-identity.de\/wp-content\/uploads\/2025\/07\/Fischerhaus_LocalIdentity.png","type":"image\/png"}],"twitter_card":"summary_large_image","twitter_misc":{"Gesch\u00e4tzte Lesezeit":"1\u00a0Minute"},"schema":{"@context":"https:\/\/schema.org","@graph":[{"@type":"WebPage","@id":"https:\/\/local-identity.de\/index.php\/ueber-uns\/","url":"https:\/\/local-identity.de\/index.php\/ueber-uns\/","name":"\u00dcber uns - LOCAL IDENTITY","isPartOf":{"@id":"https:\/\/local-identity.de\/#website"},"primaryImageOfPage":{"@id":"https:\/\/local-identity.de\/index.php\/ueber-uns\/#primaryimage"},"image":{"@id":"https:\/\/local-identity.de\/index.php\/ueber-uns\/#primaryimage"},"thumbnailUrl":"https:\/\/local-identity.de\/wp-content\/uploads\/2025\/07\/Fischerhaus_LocalIdentity-1024x768.png","datePublished":"2021-08-18T05:35:45+00:00","dateModified":"2025-09-08T13:18:07+00:00","breadcrumb":{"@id":"https:\/\/local-identity.de\/index.php\/ueber-uns\/#breadcrumb"},"inLanguage":"de","potentialAction":[{"@type":"ReadAction","target":["https:\/\/local-identity.de\/index.php\/ueber-uns\/"]}]},{"@type":"ImageObject","inLanguage":"de","@id":"https:\/\/local-identity.de\/index.php\/ueber-uns\/#primaryimage","url":"https:\/\/local-identity.de\/wp-content\/uploads\/2025\/07\/Fischerhaus_LocalIdentity.png","contentUrl":"https:\/\/local-identity.de\/wp-content\/uploads\/2025\/07\/Fischerhaus_LocalIdentity.png","width":1280,"height":960,"caption":"Fischerhaus Blankenese Treppenviertel Postkarte"},{"@type":"BreadcrumbList","@id":"https:\/\/local-identity.de\/index.php\/ueber-uns\/#breadcrumb","itemListElement":[{"@type":"ListItem","position":1,"name":"Startseite","item":"https:\/\/local-identity.de\/"},{"@type":"ListItem","position":2,"name":"\u00dcber uns"}]},{"@type":"WebSite","@id":"https:\/\/local-identity.de\/#website","url":"https:\/\/local-identity.de\/","name":"LOCAL IDENTITY","description":"","publisher":{"@id":"https:\/\/local-identity.de\/#organization"},"potentialAction":[{"@type":"SearchAction","target":{"@type":"EntryPoint","urlTemplate":"https:\/\/local-identity.de\/?s={search_term_string}"},"query-input":{"@type":"PropertyValueSpecification","valueRequired":true,"valueName":"search_term_string"}}],"inLanguage":"de"},{"@type":"Organization","@id":"https:\/\/local-identity.de\/#organization","name":"LOCAL IDENTITY","url":"https:\/\/local-identity.de\/","logo":{"@type":"ImageObject","inLanguage":"de","@id":"https:\/\/local-identity.de\/#\/schema\/logo\/image\/","url":"https:\/\/local-identity.de\/wp-content\/uploads\/2025\/07\/cropped-cropped-cropped-unnamed-3.png","contentUrl":"https:\/\/local-identity.de\/wp-content\/uploads\/2025\/07\/cropped-cropped-cropped-unnamed-3.png","width":832,"height":811,"caption":"LOCAL IDENTITY"},"image":{"@id":"https:\/\/local-identity.de\/#\/schema\/logo\/image\/"}}]}},"_links":{"self":[{"href":"https:\/\/local-identity.de\/index.php\/wp-json\/wp\/v2\/pages\/1407","targetHints":{"allow":["GET"]}}],"collection":[{"href":"https:\/\/local-identity.de\/index.php\/wp-json\/wp\/v2\/pages"}],"about":[{"href":"https:\/\/local-identity.de\/index.php\/wp-json\/wp\/v2\/types\/page"}],"author":[{"embeddable":true,"href":"https:\/\/local-identity.de\/index.php\/wp-json\/wp\/v2\/users\/1"}],"replies":[{"embeddable":true,"href":"https:\/\/local-identity.de\/index.php\/wp-json\/wp\/v2\/comments?post=1407"}],"version-history":[{"count":104,"href":"https:\/\/local-identity.de\/index.php\/wp-json\/wp\/v2\/pages\/1407\/revisions"}],"predecessor-version":[{"id":3092,"href":"https:\/\/local-identity.de\/index.php\/wp-json\/wp\/v2\/pages\/1407\/revisions\/3092"}],"wp:attachment":[{"href":"https:\/\/local-identity.de\/index.php\/wp-json\/wp\/v2\/media?parent=1407"}],"curies":[{"name":"wp","href":"https:\/\/api.w.org\/{rel}","templated":true}]}}