{"id":2089,"date":"2024-02-26T22:12:21","date_gmt":"2024-02-26T21:12:21","guid":{"rendered":"https:\/\/local-identity.de\/?post_type=product&#038;p=2089"},"modified":"2025-07-08T19:55:19","modified_gmt":"2025-07-08T18:55:19","slug":"blankenese-abc","status":"publish","type":"product","link":"https:\/\/local-identity.de\/index.php\/produkt\/blankenese-abc\/","title":{"rendered":"Das Blankenese-ABC"},"content":{"rendered":"<p>Blankenese von A bis Z auf einen Blick. F\u00fcr alle Blankenese-Liebhaber und solche, die es noch werden wollen. Ein St\u00fcck Blankenese f\u00fcr Ihr Zuhause.<\/p>\n<p>Die Illustration ist in Blankenese gefertigt, die Karte in Hamburg auf umweltfreundlichem Papier (250 g) gedruckt.<\/p>\n<p>Das Format des Posters ist 29,7 x 42 cm (DIN A3).<\/p>\n<p>Rahmen und Passepartout sind nicht im Preis inbegriffen.<\/p>\n<p>&nbsp;<\/p>\n","protected":false},"excerpt":{"rendered":"<p>B wie Bergziege, P wie Pfahlewer, Z wie Zuckowski \u2013 das gro\u00dfe Blankenese-ABC im Poster-Format<\/p>\n","protected":false},"featured_media":2454,"template":"","meta":{"site-sidebar-layout":"default","site-content-layout":"","ast-site-content-layout":"default","site-content-style":"default","site-sidebar-style":"default","ast-global-header-display":"","ast-banner-title-visibility":"","ast-main-header-display":"","ast-hfb-above-header-display":"","ast-hfb-below-header-display":"","ast-hfb-mobile-header-display":"","site-post-title":"","ast-breadcrumbs-content":"","ast-featured-img":"","footer-sml-layout":"","ast-disable-related-posts":"","theme-transparent-header-meta":"default","adv-header-id-meta":"","stick-header-meta":"","header-above-stick-meta":"","header-main-stick-meta":"","header-below-stick-meta":"","astra-migrate-meta-layouts":"set","ast-page-background-enabled":"default","ast-page-background-meta":{"desktop":{"background-color":"var(--ast-global-color-4)","background-image":"","background-repeat":"repeat","background-position":"center center","background-size":"auto","background-attachment":"scroll","background-type":"","background-media":"","overlay-type":"","overlay-color":"","overlay-opacity":"","overlay-gradient":""},"tablet":{"background-color":"","background-image":"","background-repeat":"repeat","background-position":"center center","background-size":"auto","background-attachment":"scroll","background-type":"","background-media":"","overlay-type":"","overlay-color":"","overlay-opacity":"","overlay-gradient":""},"mobile":{"background-color":"","background-image":"","background-repeat":"repeat","background-position":"center center","background-size":"auto","background-attachment":"scroll","background-type":"","background-media":"","overlay-type":"","overlay-color":"","overlay-opacity":"","overlay-gradient":""}},"ast-content-background-meta":{"desktop":{"background-color":"var(--ast-global-color-5)","background-image":"","background-repeat":"repeat","background-position":"center center","background-size":"auto","background-attachment":"scroll","background-type":"","background-media":"","overlay-type":"","overlay-color":"","overlay-opacity":"","overlay-gradient":""},"tablet":{"background-color":"var(--ast-global-color-5)","background-image":"","background-repeat":"repeat","background-position":"center center","background-size":"auto","background-attachment":"scroll","background-type":"","background-media":"","overlay-type":"","overlay-color":"","overlay-opacity":"","overlay-gradient":""},"mobile":{"background-color":"var(--ast-global-color-5)","background-image":"","background-repeat":"repeat","background-position":"center center","background-size":"auto","background-attachment":"scroll","background-type":"","background-media":"","overlay-type":"","overlay-color":"","overlay-opacity":"","overlay-gradient":""}}},"product_brand":[],"product_cat":[105],"product_tag":[],"class_list":{"0":"post-2089","1":"product","2":"type-product","3":"status-publish","4":"has-post-thumbnail","6":"product_cat-poster","7":"desktop-align-left","8":"tablet-align-left","9":"mobile-align-left","11":"first","12":"instock","13":"taxable","14":"shipping-taxable","15":"purchasable","16":"product-type-simple"},"yoast_head":"<!-- This site is optimized with the Yoast SEO plugin v26.9 - https:\/\/yoast.com\/product\/yoast-seo-wordpress\/ -->\n<title>Das Blankenese-ABC - LOCAL IDENTITY<\/title>\n<meta name=\"description\" content=\"Das perfekte Souvenir. Das Poster mit Sehensw\u00fcrdigkeiten, ber\u00fchmten Bewohnern und typischen Br\u00e4uchen. Jetzt bestellen und Blankenese nach Hause holen!\" \/>\n<meta name=\"robots\" content=\"index, follow, max-snippet:-1, max-image-preview:large, max-video-preview:-1\" \/>\n<link rel=\"canonical\" href=\"https:\/\/local-identity.de\/index.php\/produkt\/blankenese-abc\/\" \/>\n<meta property=\"og:locale\" content=\"de_DE\" \/>\n<meta property=\"og:type\" content=\"article\" \/>\n<meta property=\"og:title\" content=\"Das Blankenese-ABC - LOCAL IDENTITY\" \/>\n<meta property=\"og:description\" content=\"Das perfekte Souvenir. Das Poster mit Sehensw\u00fcrdigkeiten, ber\u00fchmten Bewohnern und typischen Br\u00e4uchen. Jetzt bestellen und Blankenese nach Hause holen!\" \/>\n<meta property=\"og:url\" content=\"https:\/\/local-identity.de\/index.php\/produkt\/blankenese-abc\/\" \/>\n<meta property=\"og:site_name\" content=\"LOCAL IDENTITY\" \/>\n<meta property=\"article:modified_time\" content=\"2025-07-08T18:55:19+00:00\" \/>\n<meta property=\"og:image\" content=\"https:\/\/local-identity.de\/wp-content\/uploads\/2024\/02\/Poster_Blankenese_ABC-1.png\" \/>\n\t<meta property=\"og:image:width\" content=\"1280\" \/>\n\t<meta property=\"og:image:height\" content=\"1280\" \/>\n\t<meta property=\"og:image:type\" content=\"image\/png\" \/>\n<meta name=\"twitter:card\" content=\"summary_large_image\" \/>\n<meta name=\"twitter:label1\" content=\"Gesch\u00e4tzte Lesezeit\" \/>\n\t<meta name=\"twitter:data1\" content=\"1\u00a0Minute\" \/>\n<script type=\"application\/ld+json\" class=\"yoast-schema-graph\">{\"@context\":\"https:\/\/schema.org\",\"@graph\":[{\"@type\":\"WebPage\",\"@id\":\"https:\/\/local-identity.de\/index.php\/produkt\/blankenese-abc\/\",\"url\":\"https:\/\/local-identity.de\/index.php\/produkt\/blankenese-abc\/\",\"name\":\"Das Blankenese-ABC - LOCAL IDENTITY\",\"isPartOf\":{\"@id\":\"https:\/\/local-identity.de\/#website\"},\"primaryImageOfPage\":{\"@id\":\"https:\/\/local-identity.de\/index.php\/produkt\/blankenese-abc\/#primaryimage\"},\"image\":{\"@id\":\"https:\/\/local-identity.de\/index.php\/produkt\/blankenese-abc\/#primaryimage\"},\"thumbnailUrl\":\"https:\/\/local-identity.de\/wp-content\/uploads\/2024\/02\/Poster_Blankenese_ABC-1.png\",\"datePublished\":\"2024-02-26T21:12:21+00:00\",\"dateModified\":\"2025-07-08T18:55:19+00:00\",\"description\":\"Das perfekte Souvenir. Das Poster mit Sehensw\u00fcrdigkeiten, ber\u00fchmten Bewohnern und typischen Br\u00e4uchen. Jetzt bestellen und Blankenese nach Hause holen!\",\"breadcrumb\":{\"@id\":\"https:\/\/local-identity.de\/index.php\/produkt\/blankenese-abc\/#breadcrumb\"},\"inLanguage\":\"de\",\"potentialAction\":[{\"@type\":\"ReadAction\",\"target\":[\"https:\/\/local-identity.de\/index.php\/produkt\/blankenese-abc\/\"]}]},{\"@type\":\"ImageObject\",\"inLanguage\":\"de\",\"@id\":\"https:\/\/local-identity.de\/index.php\/produkt\/blankenese-abc\/#primaryimage\",\"url\":\"https:\/\/local-identity.de\/wp-content\/uploads\/2024\/02\/Poster_Blankenese_ABC-1.png\",\"contentUrl\":\"https:\/\/local-identity.de\/wp-content\/uploads\/2024\/02\/Poster_Blankenese_ABC-1.png\",\"width\":1280,\"height\":1280,\"caption\":\"Blankenese ABC Poster Plakat Sehensw\u00fcrdigkeiten\"},{\"@type\":\"BreadcrumbList\",\"@id\":\"https:\/\/local-identity.de\/index.php\/produkt\/blankenese-abc\/#breadcrumb\",\"itemListElement\":[{\"@type\":\"ListItem\",\"position\":1,\"name\":\"Startseite\",\"item\":\"https:\/\/local-identity.de\/\"},{\"@type\":\"ListItem\",\"position\":2,\"name\":\"Shop\",\"item\":\"https:\/\/local-identity.de\/index.php\/shop\/\"},{\"@type\":\"ListItem\",\"position\":3,\"name\":\"Das Blankenese-ABC\"}]},{\"@type\":\"WebSite\",\"@id\":\"https:\/\/local-identity.de\/#website\",\"url\":\"https:\/\/local-identity.de\/\",\"name\":\"LOCAL IDENTITY\",\"description\":\"\",\"publisher\":{\"@id\":\"https:\/\/local-identity.de\/#organization\"},\"potentialAction\":[{\"@type\":\"SearchAction\",\"target\":{\"@type\":\"EntryPoint\",\"urlTemplate\":\"https:\/\/local-identity.de\/?s={search_term_string}\"},\"query-input\":{\"@type\":\"PropertyValueSpecification\",\"valueRequired\":true,\"valueName\":\"search_term_string\"}}],\"inLanguage\":\"de\"},{\"@type\":\"Organization\",\"@id\":\"https:\/\/local-identity.de\/#organization\",\"name\":\"LOCAL IDENTITY\",\"url\":\"https:\/\/local-identity.de\/\",\"logo\":{\"@type\":\"ImageObject\",\"inLanguage\":\"de\",\"@id\":\"https:\/\/local-identity.de\/#\/schema\/logo\/image\/\",\"url\":\"https:\/\/local-identity.de\/wp-content\/uploads\/2025\/07\/cropped-cropped-cropped-unnamed-3.png\",\"contentUrl\":\"https:\/\/local-identity.de\/wp-content\/uploads\/2025\/07\/cropped-cropped-cropped-unnamed-3.png\",\"width\":832,\"height\":811,\"caption\":\"LOCAL IDENTITY\"},\"image\":{\"@id\":\"https:\/\/local-identity.de\/#\/schema\/logo\/image\/\"}}]}<\/script>\n<!-- \/ Yoast SEO plugin. -->","yoast_head_json":{"title":"Das Blankenese-ABC - LOCAL IDENTITY","description":"Das perfekte Souvenir. Das Poster mit Sehensw\u00fcrdigkeiten, ber\u00fchmten Bewohnern und typischen Br\u00e4uchen. Jetzt bestellen und Blankenese nach Hause holen!","robots":{"index":"index","follow":"follow","max-snippet":"max-snippet:-1","max-image-preview":"max-image-preview:large","max-video-preview":"max-video-preview:-1"},"canonical":"https:\/\/local-identity.de\/index.php\/produkt\/blankenese-abc\/","og_locale":"de_DE","og_type":"article","og_title":"Das Blankenese-ABC - LOCAL IDENTITY","og_description":"Das perfekte Souvenir. Das Poster mit Sehensw\u00fcrdigkeiten, ber\u00fchmten Bewohnern und typischen Br\u00e4uchen. Jetzt bestellen und Blankenese nach Hause holen!","og_url":"https:\/\/local-identity.de\/index.php\/produkt\/blankenese-abc\/","og_site_name":"LOCAL IDENTITY","article_modified_time":"2025-07-08T18:55:19+00:00","og_image":[{"width":1280,"height":1280,"url":"https:\/\/local-identity.de\/wp-content\/uploads\/2024\/02\/Poster_Blankenese_ABC-1.png","type":"image\/png"}],"twitter_card":"summary_large_image","twitter_misc":{"Gesch\u00e4tzte Lesezeit":"1\u00a0Minute"},"schema":{"@context":"https:\/\/schema.org","@graph":[{"@type":"WebPage","@id":"https:\/\/local-identity.de\/index.php\/produkt\/blankenese-abc\/","url":"https:\/\/local-identity.de\/index.php\/produkt\/blankenese-abc\/","name":"Das Blankenese-ABC - LOCAL IDENTITY","isPartOf":{"@id":"https:\/\/local-identity.de\/#website"},"primaryImageOfPage":{"@id":"https:\/\/local-identity.de\/index.php\/produkt\/blankenese-abc\/#primaryimage"},"image":{"@id":"https:\/\/local-identity.de\/index.php\/produkt\/blankenese-abc\/#primaryimage"},"thumbnailUrl":"https:\/\/local-identity.de\/wp-content\/uploads\/2024\/02\/Poster_Blankenese_ABC-1.png","datePublished":"2024-02-26T21:12:21+00:00","dateModified":"2025-07-08T18:55:19+00:00","description":"Das perfekte Souvenir. Das Poster mit Sehensw\u00fcrdigkeiten, ber\u00fchmten Bewohnern und typischen Br\u00e4uchen. Jetzt bestellen und Blankenese nach Hause holen!","breadcrumb":{"@id":"https:\/\/local-identity.de\/index.php\/produkt\/blankenese-abc\/#breadcrumb"},"inLanguage":"de","potentialAction":[{"@type":"ReadAction","target":["https:\/\/local-identity.de\/index.php\/produkt\/blankenese-abc\/"]}]},{"@type":"ImageObject","inLanguage":"de","@id":"https:\/\/local-identity.de\/index.php\/produkt\/blankenese-abc\/#primaryimage","url":"https:\/\/local-identity.de\/wp-content\/uploads\/2024\/02\/Poster_Blankenese_ABC-1.png","contentUrl":"https:\/\/local-identity.de\/wp-content\/uploads\/2024\/02\/Poster_Blankenese_ABC-1.png","width":1280,"height":1280,"caption":"Blankenese ABC Poster Plakat Sehensw\u00fcrdigkeiten"},{"@type":"BreadcrumbList","@id":"https:\/\/local-identity.de\/index.php\/produkt\/blankenese-abc\/#breadcrumb","itemListElement":[{"@type":"ListItem","position":1,"name":"Startseite","item":"https:\/\/local-identity.de\/"},{"@type":"ListItem","position":2,"name":"Shop","item":"https:\/\/local-identity.de\/index.php\/shop\/"},{"@type":"ListItem","position":3,"name":"Das Blankenese-ABC"}]},{"@type":"WebSite","@id":"https:\/\/local-identity.de\/#website","url":"https:\/\/local-identity.de\/","name":"LOCAL IDENTITY","description":"","publisher":{"@id":"https:\/\/local-identity.de\/#organization"},"potentialAction":[{"@type":"SearchAction","target":{"@type":"EntryPoint","urlTemplate":"https:\/\/local-identity.de\/?s={search_term_string}"},"query-input":{"@type":"PropertyValueSpecification","valueRequired":true,"valueName":"search_term_string"}}],"inLanguage":"de"},{"@type":"Organization","@id":"https:\/\/local-identity.de\/#organization","name":"LOCAL IDENTITY","url":"https:\/\/local-identity.de\/","logo":{"@type":"ImageObject","inLanguage":"de","@id":"https:\/\/local-identity.de\/#\/schema\/logo\/image\/","url":"https:\/\/local-identity.de\/wp-content\/uploads\/2025\/07\/cropped-cropped-cropped-unnamed-3.png","contentUrl":"https:\/\/local-identity.de\/wp-content\/uploads\/2025\/07\/cropped-cropped-cropped-unnamed-3.png","width":832,"height":811,"caption":"LOCAL IDENTITY"},"image":{"@id":"https:\/\/local-identity.de\/#\/schema\/logo\/image\/"}}]}},"_links":{"self":[{"href":"https:\/\/local-identity.de\/index.php\/wp-json\/wp\/v2\/product\/2089","targetHints":{"allow":["GET"]}}],"collection":[{"href":"https:\/\/local-identity.de\/index.php\/wp-json\/wp\/v2\/product"}],"about":[{"href":"https:\/\/local-identity.de\/index.php\/wp-json\/wp\/v2\/types\/product"}],"wp:featuredmedia":[{"embeddable":true,"href":"https:\/\/local-identity.de\/index.php\/wp-json\/wp\/v2\/media\/2454"}],"wp:attachment":[{"href":"https:\/\/local-identity.de\/index.php\/wp-json\/wp\/v2\/media?parent=2089"}],"wp:term":[{"taxonomy":"product_brand","embeddable":true,"href":"https:\/\/local-identity.de\/index.php\/wp-json\/wp\/v2\/product_brand?post=2089"},{"taxonomy":"product_cat","embeddable":true,"href":"https:\/\/local-identity.de\/index.php\/wp-json\/wp\/v2\/product_cat?post=2089"},{"taxonomy":"product_tag","embeddable":true,"href":"https:\/\/local-identity.de\/index.php\/wp-json\/wp\/v2\/product_tag?post=2089"}],"curies":[{"name":"wp","href":"https:\/\/api.w.org\/{rel}","templated":true}]}}