{"id":2686,"date":"2025-02-09T13:41:02","date_gmt":"2025-02-09T12:41:02","guid":{"rendered":"https:\/\/local-identity.de\/?post_type=product&#038;p=2686"},"modified":"2025-12-10T21:13:51","modified_gmt":"2025-12-10T20:13:51","slug":"malbuch-blankenese","status":"publish","type":"product","link":"https:\/\/local-identity.de\/index.php\/produkt\/malbuch-blankenese\/","title":{"rendered":"Malbuch Blankenese"},"content":{"rendered":"<p>Entdecke Blankenese im Malbuch \u2013 mit vielen Sehensw\u00fcrdigkeiten und spannenden Informationen. F\u00fcr kleine K\u00fcnstler mit Wissensdurst!<\/p>\n<p>Illustrationen &amp; Text: Cristina Prinz<\/p>\n<p>Verlag: Prinz Publishing GmbH<\/p>\n<p>Umfang: 20 Seiten<\/p>\n<p>Abmessungen: 21 x 21 cm<\/p>\n<p>ISBN 978-3-9822579-1-4<\/p>\n<p>&nbsp;<\/p>\n","protected":false},"excerpt":{"rendered":"<p>Blankenese zum Ausmalen \u2013 Bergziege, Otto Waalkes, S\u00fcllberg und vieles mehr.<\/p>\n","protected":false},"featured_media":3114,"template":"","meta":{"site-sidebar-layout":"default","site-content-layout":"","ast-site-content-layout":"default","site-content-style":"default","site-sidebar-style":"default","ast-global-header-display":"","ast-banner-title-visibility":"","ast-main-header-display":"","ast-hfb-above-header-display":"","ast-hfb-below-header-display":"","ast-hfb-mobile-header-display":"","site-post-title":"","ast-breadcrumbs-content":"","ast-featured-img":"","footer-sml-layout":"","ast-disable-related-posts":"","theme-transparent-header-meta":"default","adv-header-id-meta":"","stick-header-meta":"","header-above-stick-meta":"","header-main-stick-meta":"","header-below-stick-meta":"","astra-migrate-meta-layouts":"set","ast-page-background-enabled":"default","ast-page-background-meta":{"desktop":{"background-color":"var(--ast-global-color-4)","background-image":"","background-repeat":"repeat","background-position":"center center","background-size":"auto","background-attachment":"scroll","background-type":"","background-media":"","overlay-type":"","overlay-color":"","overlay-opacity":"","overlay-gradient":""},"tablet":{"background-color":"","background-image":"","background-repeat":"repeat","background-position":"center center","background-size":"auto","background-attachment":"scroll","background-type":"","background-media":"","overlay-type":"","overlay-color":"","overlay-opacity":"","overlay-gradient":""},"mobile":{"background-color":"","background-image":"","background-repeat":"repeat","background-position":"center center","background-size":"auto","background-attachment":"scroll","background-type":"","background-media":"","overlay-type":"","overlay-color":"","overlay-opacity":"","overlay-gradient":""}},"ast-content-background-meta":{"desktop":{"background-color":"var(--ast-global-color-5)","background-image":"","background-repeat":"repeat","background-position":"center center","background-size":"auto","background-attachment":"scroll","background-type":"","background-media":"","overlay-type":"","overlay-color":"","overlay-opacity":"","overlay-gradient":""},"tablet":{"background-color":"var(--ast-global-color-5)","background-image":"","background-repeat":"repeat","background-position":"center center","background-size":"auto","background-attachment":"scroll","background-type":"","background-media":"","overlay-type":"","overlay-color":"","overlay-opacity":"","overlay-gradient":""},"mobile":{"background-color":"var(--ast-global-color-5)","background-image":"","background-repeat":"repeat","background-position":"center center","background-size":"auto","background-attachment":"scroll","background-type":"","background-media":"","overlay-type":"","overlay-color":"","overlay-opacity":"","overlay-gradient":""}}},"product_brand":[],"product_cat":[18],"product_tag":[],"class_list":{"0":"post-2686","1":"product","2":"type-product","3":"status-publish","4":"has-post-thumbnail","6":"product_cat-softcover","7":"desktop-align-left","8":"tablet-align-left","9":"mobile-align-left","11":"first","12":"instock","13":"taxable","14":"shipping-taxable","15":"purchasable","16":"product-type-simple"},"yoast_head":"<!-- This site is optimized with the Yoast SEO plugin v26.9 - https:\/\/yoast.com\/product\/yoast-seo-wordpress\/ -->\n<title>Malbuch Blankenese - LOCAL IDENTITY<\/title>\n<meta name=\"description\" content=\"Entdecke Blankenese im Malbuch \u2013 mit vielen Sehensw\u00fcrdigkeiten und spannenden Informationen. Perfekt f\u00fcr kleine K\u00fcnstler mit Wissensdurst!\" \/>\n<meta name=\"robots\" content=\"index, follow, max-snippet:-1, max-image-preview:large, max-video-preview:-1\" \/>\n<link rel=\"canonical\" href=\"https:\/\/local-identity.de\/index.php\/produkt\/malbuch-blankenese\/\" \/>\n<meta property=\"og:locale\" content=\"de_DE\" \/>\n<meta property=\"og:type\" content=\"article\" \/>\n<meta property=\"og:title\" content=\"Malbuch Blankenese - LOCAL IDENTITY\" \/>\n<meta property=\"og:description\" content=\"Entdecke Blankenese im Malbuch \u2013 mit vielen Sehensw\u00fcrdigkeiten und spannenden Informationen. Perfekt f\u00fcr kleine K\u00fcnstler mit Wissensdurst!\" \/>\n<meta property=\"og:url\" content=\"https:\/\/local-identity.de\/index.php\/produkt\/malbuch-blankenese\/\" \/>\n<meta property=\"og:site_name\" content=\"LOCAL IDENTITY\" \/>\n<meta property=\"article:modified_time\" content=\"2025-12-10T20:13:51+00:00\" \/>\n<meta property=\"og:image\" content=\"https:\/\/local-identity.de\/wp-content\/uploads\/2025\/09\/Malbuch_Produkt.png\" \/>\n\t<meta property=\"og:image:width\" content=\"1280\" \/>\n\t<meta property=\"og:image:height\" content=\"1280\" \/>\n\t<meta property=\"og:image:type\" content=\"image\/png\" \/>\n<meta name=\"twitter:card\" content=\"summary_large_image\" \/>\n<meta name=\"twitter:label1\" content=\"Gesch\u00e4tzte Lesezeit\" \/>\n\t<meta name=\"twitter:data1\" content=\"1\u00a0Minute\" \/>\n<script type=\"application\/ld+json\" class=\"yoast-schema-graph\">{\"@context\":\"https:\/\/schema.org\",\"@graph\":[{\"@type\":\"WebPage\",\"@id\":\"https:\/\/local-identity.de\/index.php\/produkt\/malbuch-blankenese\/\",\"url\":\"https:\/\/local-identity.de\/index.php\/produkt\/malbuch-blankenese\/\",\"name\":\"Malbuch Blankenese - LOCAL IDENTITY\",\"isPartOf\":{\"@id\":\"https:\/\/local-identity.de\/#website\"},\"primaryImageOfPage\":{\"@id\":\"https:\/\/local-identity.de\/index.php\/produkt\/malbuch-blankenese\/#primaryimage\"},\"image\":{\"@id\":\"https:\/\/local-identity.de\/index.php\/produkt\/malbuch-blankenese\/#primaryimage\"},\"thumbnailUrl\":\"https:\/\/local-identity.de\/wp-content\/uploads\/2025\/09\/Malbuch_Produkt.png\",\"datePublished\":\"2025-02-09T12:41:02+00:00\",\"dateModified\":\"2025-12-10T20:13:51+00:00\",\"description\":\"Entdecke Blankenese im Malbuch \u2013 mit vielen Sehensw\u00fcrdigkeiten und spannenden Informationen. Perfekt f\u00fcr kleine K\u00fcnstler mit Wissensdurst!\",\"breadcrumb\":{\"@id\":\"https:\/\/local-identity.de\/index.php\/produkt\/malbuch-blankenese\/#breadcrumb\"},\"inLanguage\":\"de\",\"potentialAction\":[{\"@type\":\"ReadAction\",\"target\":[\"https:\/\/local-identity.de\/index.php\/produkt\/malbuch-blankenese\/\"]}]},{\"@type\":\"ImageObject\",\"inLanguage\":\"de\",\"@id\":\"https:\/\/local-identity.de\/index.php\/produkt\/malbuch-blankenese\/#primaryimage\",\"url\":\"https:\/\/local-identity.de\/wp-content\/uploads\/2025\/09\/Malbuch_Produkt.png\",\"contentUrl\":\"https:\/\/local-identity.de\/wp-content\/uploads\/2025\/09\/Malbuch_Produkt.png\",\"width\":1280,\"height\":1280,\"caption\":\"Malbuch Blankenese Kinder Buntstifte Hamburg\"},{\"@type\":\"BreadcrumbList\",\"@id\":\"https:\/\/local-identity.de\/index.php\/produkt\/malbuch-blankenese\/#breadcrumb\",\"itemListElement\":[{\"@type\":\"ListItem\",\"position\":1,\"name\":\"Startseite\",\"item\":\"https:\/\/local-identity.de\/\"},{\"@type\":\"ListItem\",\"position\":2,\"name\":\"Shop\",\"item\":\"https:\/\/local-identity.de\/index.php\/shop\/\"},{\"@type\":\"ListItem\",\"position\":3,\"name\":\"Malbuch Blankenese\"}]},{\"@type\":\"WebSite\",\"@id\":\"https:\/\/local-identity.de\/#website\",\"url\":\"https:\/\/local-identity.de\/\",\"name\":\"LOCAL IDENTITY\",\"description\":\"\",\"publisher\":{\"@id\":\"https:\/\/local-identity.de\/#organization\"},\"potentialAction\":[{\"@type\":\"SearchAction\",\"target\":{\"@type\":\"EntryPoint\",\"urlTemplate\":\"https:\/\/local-identity.de\/?s={search_term_string}\"},\"query-input\":{\"@type\":\"PropertyValueSpecification\",\"valueRequired\":true,\"valueName\":\"search_term_string\"}}],\"inLanguage\":\"de\"},{\"@type\":\"Organization\",\"@id\":\"https:\/\/local-identity.de\/#organization\",\"name\":\"LOCAL IDENTITY\",\"url\":\"https:\/\/local-identity.de\/\",\"logo\":{\"@type\":\"ImageObject\",\"inLanguage\":\"de\",\"@id\":\"https:\/\/local-identity.de\/#\/schema\/logo\/image\/\",\"url\":\"https:\/\/local-identity.de\/wp-content\/uploads\/2025\/07\/cropped-cropped-cropped-unnamed-3.png\",\"contentUrl\":\"https:\/\/local-identity.de\/wp-content\/uploads\/2025\/07\/cropped-cropped-cropped-unnamed-3.png\",\"width\":832,\"height\":811,\"caption\":\"LOCAL IDENTITY\"},\"image\":{\"@id\":\"https:\/\/local-identity.de\/#\/schema\/logo\/image\/\"}}]}<\/script>\n<!-- \/ Yoast SEO plugin. -->","yoast_head_json":{"title":"Malbuch Blankenese - LOCAL IDENTITY","description":"Entdecke Blankenese im Malbuch \u2013 mit vielen Sehensw\u00fcrdigkeiten und spannenden Informationen. Perfekt f\u00fcr kleine K\u00fcnstler mit Wissensdurst!","robots":{"index":"index","follow":"follow","max-snippet":"max-snippet:-1","max-image-preview":"max-image-preview:large","max-video-preview":"max-video-preview:-1"},"canonical":"https:\/\/local-identity.de\/index.php\/produkt\/malbuch-blankenese\/","og_locale":"de_DE","og_type":"article","og_title":"Malbuch Blankenese - LOCAL IDENTITY","og_description":"Entdecke Blankenese im Malbuch \u2013 mit vielen Sehensw\u00fcrdigkeiten und spannenden Informationen. Perfekt f\u00fcr kleine K\u00fcnstler mit Wissensdurst!","og_url":"https:\/\/local-identity.de\/index.php\/produkt\/malbuch-blankenese\/","og_site_name":"LOCAL IDENTITY","article_modified_time":"2025-12-10T20:13:51+00:00","og_image":[{"width":1280,"height":1280,"url":"https:\/\/local-identity.de\/wp-content\/uploads\/2025\/09\/Malbuch_Produkt.png","type":"image\/png"}],"twitter_card":"summary_large_image","twitter_misc":{"Gesch\u00e4tzte Lesezeit":"1\u00a0Minute"},"schema":{"@context":"https:\/\/schema.org","@graph":[{"@type":"WebPage","@id":"https:\/\/local-identity.de\/index.php\/produkt\/malbuch-blankenese\/","url":"https:\/\/local-identity.de\/index.php\/produkt\/malbuch-blankenese\/","name":"Malbuch Blankenese - LOCAL IDENTITY","isPartOf":{"@id":"https:\/\/local-identity.de\/#website"},"primaryImageOfPage":{"@id":"https:\/\/local-identity.de\/index.php\/produkt\/malbuch-blankenese\/#primaryimage"},"image":{"@id":"https:\/\/local-identity.de\/index.php\/produkt\/malbuch-blankenese\/#primaryimage"},"thumbnailUrl":"https:\/\/local-identity.de\/wp-content\/uploads\/2025\/09\/Malbuch_Produkt.png","datePublished":"2025-02-09T12:41:02+00:00","dateModified":"2025-12-10T20:13:51+00:00","description":"Entdecke Blankenese im Malbuch \u2013 mit vielen Sehensw\u00fcrdigkeiten und spannenden Informationen. Perfekt f\u00fcr kleine K\u00fcnstler mit Wissensdurst!","breadcrumb":{"@id":"https:\/\/local-identity.de\/index.php\/produkt\/malbuch-blankenese\/#breadcrumb"},"inLanguage":"de","potentialAction":[{"@type":"ReadAction","target":["https:\/\/local-identity.de\/index.php\/produkt\/malbuch-blankenese\/"]}]},{"@type":"ImageObject","inLanguage":"de","@id":"https:\/\/local-identity.de\/index.php\/produkt\/malbuch-blankenese\/#primaryimage","url":"https:\/\/local-identity.de\/wp-content\/uploads\/2025\/09\/Malbuch_Produkt.png","contentUrl":"https:\/\/local-identity.de\/wp-content\/uploads\/2025\/09\/Malbuch_Produkt.png","width":1280,"height":1280,"caption":"Malbuch Blankenese Kinder Buntstifte Hamburg"},{"@type":"BreadcrumbList","@id":"https:\/\/local-identity.de\/index.php\/produkt\/malbuch-blankenese\/#breadcrumb","itemListElement":[{"@type":"ListItem","position":1,"name":"Startseite","item":"https:\/\/local-identity.de\/"},{"@type":"ListItem","position":2,"name":"Shop","item":"https:\/\/local-identity.de\/index.php\/shop\/"},{"@type":"ListItem","position":3,"name":"Malbuch Blankenese"}]},{"@type":"WebSite","@id":"https:\/\/local-identity.de\/#website","url":"https:\/\/local-identity.de\/","name":"LOCAL IDENTITY","description":"","publisher":{"@id":"https:\/\/local-identity.de\/#organization"},"potentialAction":[{"@type":"SearchAction","target":{"@type":"EntryPoint","urlTemplate":"https:\/\/local-identity.de\/?s={search_term_string}"},"query-input":{"@type":"PropertyValueSpecification","valueRequired":true,"valueName":"search_term_string"}}],"inLanguage":"de"},{"@type":"Organization","@id":"https:\/\/local-identity.de\/#organization","name":"LOCAL IDENTITY","url":"https:\/\/local-identity.de\/","logo":{"@type":"ImageObject","inLanguage":"de","@id":"https:\/\/local-identity.de\/#\/schema\/logo\/image\/","url":"https:\/\/local-identity.de\/wp-content\/uploads\/2025\/07\/cropped-cropped-cropped-unnamed-3.png","contentUrl":"https:\/\/local-identity.de\/wp-content\/uploads\/2025\/07\/cropped-cropped-cropped-unnamed-3.png","width":832,"height":811,"caption":"LOCAL IDENTITY"},"image":{"@id":"https:\/\/local-identity.de\/#\/schema\/logo\/image\/"}}]}},"_links":{"self":[{"href":"https:\/\/local-identity.de\/index.php\/wp-json\/wp\/v2\/product\/2686","targetHints":{"allow":["GET"]}}],"collection":[{"href":"https:\/\/local-identity.de\/index.php\/wp-json\/wp\/v2\/product"}],"about":[{"href":"https:\/\/local-identity.de\/index.php\/wp-json\/wp\/v2\/types\/product"}],"wp:featuredmedia":[{"embeddable":true,"href":"https:\/\/local-identity.de\/index.php\/wp-json\/wp\/v2\/media\/3114"}],"wp:attachment":[{"href":"https:\/\/local-identity.de\/index.php\/wp-json\/wp\/v2\/media?parent=2686"}],"wp:term":[{"taxonomy":"product_brand","embeddable":true,"href":"https:\/\/local-identity.de\/index.php\/wp-json\/wp\/v2\/product_brand?post=2686"},{"taxonomy":"product_cat","embeddable":true,"href":"https:\/\/local-identity.de\/index.php\/wp-json\/wp\/v2\/product_cat?post=2686"},{"taxonomy":"product_tag","embeddable":true,"href":"https:\/\/local-identity.de\/index.php\/wp-json\/wp\/v2\/product_tag?post=2686"}],"curies":[{"name":"wp","href":"https:\/\/api.w.org\/{rel}","templated":true}]}}